{"id":2388,"date":"2023-12-05T10:05:09","date_gmt":"2023-12-05T10:05:09","guid":{"rendered":"https:\/\/rev-mench.stg.onepunch.agency\/habiter-2\/"},"modified":"2025-07-13T13:22:38","modified_gmt":"2025-07-13T13:22:38","slug":"habiter","status":"publish","type":"page","link":"https:\/\/rev-mench.stg.onepunch.agency\/fr\/habiter\/","title":{"rendered":"Habiter"},"content":{"rendered":"<p>[et_pb_section fb_built=\u00a0\u00bb1&Prime; custom_padding_last_edited=\u00a0\u00bbon|tablet\u00a0\u00bb admin_label=\u00a0\u00bbSection\u00a0\u00bb module_class=\u00a0\u00bbs-overlay\u00a0\u00bb _builder_version=\u00a0\u00bb4.23&Prime; _module_preset=\u00a0\u00bbdefault\u00a0\u00bb background_color=\u00a0\u00bbRGBA(0,0,0,0)\u00a0\u00bb custom_padding=\u00a0\u00bb0px||0px||false|false\u00a0\u00bb custom_padding_tablet=\u00a0\u00bb0px||0px||false|false\u00a0\u00bb custom_padding_phone=\u00a0\u00bb0px||||false|false\u00a0\u00bb hover_enabled=\u00a0\u00bb0&Prime; da_disable_devices=\u00a0\u00bboff|off|off\u00a0\u00bb global_colors_info=\u00a0\u00bb{}\u00a0\u00bb da_is_popup=\u00a0\u00bboff\u00a0\u00bb da_exit_intent=\u00a0\u00bboff\u00a0\u00bb da_has_close=\u00a0\u00bbon\u00a0\u00bb da_alt_close=\u00a0\u00bboff\u00a0\u00bb da_dark_close=\u00a0\u00bboff\u00a0\u00bb da_not_modal=\u00a0\u00bbon\u00a0\u00bb da_is_singular=\u00a0\u00bboff\u00a0\u00bb da_with_loader=\u00a0\u00bboff\u00a0\u00bb da_has_shadow=\u00a0\u00bbon\u00a0\u00bb sticky_enabled=\u00a0\u00bb0&Prime;][et_pb_row _builder_version=\u00a0\u00bb4.23&Prime; _module_preset=\u00a0\u00bbdefault\u00a0\u00bb background_image=\u00a0\u00bbhttps:\/\/rev-mench.stg.onepunch.agency\/wp-content\/uploads\/2025\/07\/https___b-b.be_volumes_general_Portfolio_Mench_20230829_SME_Render_Gebouw-A-B.jpg_v_17090473902C0-2-scaled.jpg\u00a0\u00bb width=\u00a0\u00bb100%\u00a0\u00bb max_width=\u00a0\u00bb100%\u00a0\u00bb height=\u00a0\u00bb700px\u00a0\u00bb height_tablet=\u00a0\u00bb500px\u00a0\u00bb height_phone=\u00a0\u00bb300px\u00a0\u00bb height_last_edited=\u00a0\u00bbon|tablet\u00a0\u00bb custom_padding=\u00a0\u00bb0px|0px|0px|0px|false|false\u00a0\u00bb hover_enabled=\u00a0\u00bb0&Prime; custom_css_main_element=\u00a0\u00bboverflow: hidden;\u00a0\u00bb global_colors_info=\u00a0\u00bb{}\u00a0\u00bb custom_css_before_last_edited=\u00a0\u00bbon|phone\u00a0\u00bb title_text=\u00a0\u00bbhttps___b-b.be_volumes_general_Portfolio_Mench_20230829_SME_Render_Gebouw-A-B.jpg_v_17090473902C0 2&Prime; sticky_enabled=\u00a0\u00bb0&Prime;][et_pb_column type=\u00a0\u00bb4_4&Prime; _builder_version=\u00a0\u00bb4.16&Prime; _module_preset=\u00a0\u00bbdefault\u00a0\u00bb custom_css_main_element=\u00a0\u00bbheight: 100%;\u00a0\u00bb global_colors_info=\u00a0\u00bb{}\u00a0\u00bb][et_pb_code module_class=\u00a0\u00bblines-wrap\u00a0\u00bb _builder_version=\u00a0\u00bb4.23&Prime; _module_preset=\u00a0\u00bbdefault\u00a0\u00bb background_enable_image=\u00a0\u00bboff\u00a0\u00bb min_height=\u00a0\u00bb702px\u00a0\u00bb hover_enabled=\u00a0\u00bb0&Prime; custom_css_main_element=\u00a0\u00bbheight: 100%;\u00a0\u00bb locked=\u00a0\u00bboff\u00a0\u00bb global_colors_info=\u00a0\u00bb{}\u00a0\u00bb sticky_enabled=\u00a0\u00bb0&Prime;]<\/p>\n<div class=\"lines\"><!-- [et_pb_line_break_holder] -->  <\/p>\n<div class=\"line\"><\/div>\n<p><!-- [et_pb_line_break_holder] -->  <\/p>\n<div class=\"line\"><\/div>\n<p><!-- [et_pb_line_break_holder] -->  <\/p>\n<div class=\"line\"><\/div>\n<p><!-- [et_pb_line_break_holder] --><\/div>\n<p>[\/et_pb_code][et_pb_text _builder_version=\u00a0\u00bb4.23&Prime; _module_preset=\u00a0\u00bbdefault\u00a0\u00bb text_text_color=\u00a0\u00bb#FFFFFF\u00a0\u00bb text_font_size=\u00a0\u00bb15vw\u00a0\u00bb text_line_height=\u00a0\u00bb0.65em\u00a0\u00bb positioning=\u00a0\u00bbabsolute\u00a0\u00bb position_origin_a=\u00a0\u00bbbottom_left\u00a0\u00bb z_index=\u00a0\u00bb2&Prime; width=\u00a0\u00bb100%\u00a0\u00bb hover_enabled=\u00a0\u00bb0&Prime; text_font_size_tablet=\u00a0\u00bb20vw\u00a0\u00bb text_font_size_phone=\u00a0\u00bb20vw\u00a0\u00bb text_font_size_last_edited=\u00a0\u00bbon|phone\u00a0\u00bb text_line_height_tablet=\u00a0\u00bb0.6em\u00a0\u00bb text_line_height_phone=\u00a0\u00bb0.6em\u00a0\u00bb text_line_height_last_edited=\u00a0\u00bbon|tablet\u00a0\u00bb global_colors_info=\u00a0\u00bb{}\u00a0\u00bb sticky_enabled=\u00a0\u00bb0&Prime; text_font=\u00a0\u00bbAcumin||||||||\u00a0\u00bb vertical_offset=\u00a0\u00bb-0.09em\u00a0\u00bb]<\/p>\n<p>habiter<\/p>\n<p>[\/et_pb_text][\/et_pb_column][\/et_pb_row][\/et_pb_section][et_pb_section fb_built=\u00a0\u00bb1&Prime; custom_padding_last_edited=\u00a0\u00bbon|tablet\u00a0\u00bb admin_label=\u00a0\u00bbSection\u00a0\u00bb _builder_version=\u00a0\u00bb4.23&Prime; _module_preset=\u00a0\u00bbdefault\u00a0\u00bb background_color=\u00a0\u00bbRGBA(0,0,0,0)\u00a0\u00bb custom_padding=\u00a0\u00bb100px||0px||false|false\u00a0\u00bb custom_padding_tablet=\u00a0\u00bb5rem||0px||false|false\u00a0\u00bb custom_padding_phone=\u00a0\u00bb40px||||false|false\u00a0\u00bb hover_enabled=\u00a0\u00bb0&Prime; custom_css_before=\u00a0\u00bbcontent: \u00a0\u00bb;||background: rgba(166,173,176,0.06);||margin-left: calc((100% &#8211; 1200px)\/2);||position: absolute;||top: 0;||right: 0;||height: 50%;||width: 30%;||display: none;\u00a0\u00bb da_disable_devices=\u00a0\u00bboff|off|off\u00a0\u00bb locked=\u00a0\u00bboff\u00a0\u00bb global_colors_info=\u00a0\u00bb{}\u00a0\u00bb da_is_popup=\u00a0\u00bboff\u00a0\u00bb da_exit_intent=\u00a0\u00bboff\u00a0\u00bb da_has_close=\u00a0\u00bbon\u00a0\u00bb da_alt_close=\u00a0\u00bboff\u00a0\u00bb da_dark_close=\u00a0\u00bboff\u00a0\u00bb da_not_modal=\u00a0\u00bbon\u00a0\u00bb da_is_singular=\u00a0\u00bboff\u00a0\u00bb da_with_loader=\u00a0\u00bboff\u00a0\u00bb da_has_shadow=\u00a0\u00bbon\u00a0\u00bb sticky_enabled=\u00a0\u00bb0&Prime;][et_pb_row custom_padding_last_edited=\u00a0\u00bbon|phone\u00a0\u00bb _builder_version=\u00a0\u00bb4.23&Prime; _module_preset=\u00a0\u00bbdefault\u00a0\u00bb width=\u00a0\u00bb100%\u00a0\u00bb max_width=\u00a0\u00bb1200px\u00a0\u00bb custom_padding=\u00a0\u00bb0px|60px|0px|60px|false|true\u00a0\u00bb custom_padding_tablet=\u00a0\u00bb|30px||30px|false|true\u00a0\u00bb custom_padding_phone=\u00a0\u00bb|20px||20px|false|true\u00a0\u00bb hover_enabled=\u00a0\u00bb0&Prime; global_colors_info=\u00a0\u00bb{}\u00a0\u00bb sticky_enabled=\u00a0\u00bb0&Prime;][et_pb_column type=\u00a0\u00bb4_4&Prime; _builder_version=\u00a0\u00bb4.23&Prime; _module_preset=\u00a0\u00bbdefault\u00a0\u00bb global_colors_info=\u00a0\u00bb{}\u00a0\u00bb][et_pb_text _builder_version=\u00a0\u00bb4.23&Prime; _module_preset=\u00a0\u00bb170ff1bd-4147-4410-8d7c-fb9221792594&Prime; background_color=\u00a0\u00bbRGBA(0,0,0,0)\u00a0\u00bb width=\u00a0\u00bb100%\u00a0\u00bb custom_padding=\u00a0\u00bb||||false|false\u00a0\u00bb animation_direction=\u00a0\u00bbbottom\u00a0\u00bb hover_enabled=\u00a0\u00bb0&Prime; border_color_bottom=\u00a0\u00bb#22315B\u00a0\u00bb locked=\u00a0\u00bboff\u00a0\u00bb global_colors_info=\u00a0\u00bb{}\u00a0\u00bb sticky_enabled=\u00a0\u00bb0&Prime; custom_margin=\u00a0\u00bb||1rem||false|false\u00a0\u00bb custom_margin_last_edited=\u00a0\u00bbon|phone\u00a0\u00bb custom_margin_phone=\u00a0\u00bb||0.5em||false|false\u00a0\u00bb custom_margin_tablet=\u00a0\u00bb||1rem||false|false\u00a0\u00bb]<\/p>\n<h1>LIVE<\/h1>\n<p>[\/et_pb_text][et_pb_text _builder_version=\u00a0\u00bb4.23&Prime; _module_preset=\u00a0\u00bb170ff1bd-4147-4410-8d7c-fb9221792594&Prime; background_color=\u00a0\u00bbRGBA(0,0,0,0)\u00a0\u00bb width=\u00a0\u00bb100%\u00a0\u00bb custom_padding=\u00a0\u00bb||||false|false\u00a0\u00bb animation_direction=\u00a0\u00bbbottom\u00a0\u00bb hover_enabled=\u00a0\u00bb0&Prime; border_color_bottom=\u00a0\u00bb#22315B\u00a0\u00bb locked=\u00a0\u00bboff\u00a0\u00bb global_colors_info=\u00a0\u00bb{}\u00a0\u00bb sticky_enabled=\u00a0\u00bb0&Prime;]<\/p>\n<p>L\u2019endroit o\u00f9 le vin \u00e9tait autrefois n\u00e9goci\u00e9 est maintenant en train d\u2019\u00eatre transform\u00e9 en un nouveau projet mixte.<\/p>\n<p>On the ground floor, there will be workspaces and a green inner courtyard of 1500m\u00b2. \u00c0 partir du premier \u00e9tage, 79 appartements locatifs seront am\u00e9nag\u00e9s, avec un pavillon central. In addition, there is a strong focus on communal spaces, such as several laundry rooms.<\/p>\n<p>Nous aspirons \u00e0 ce que Tannat, m\u00eame dans 10 ans, demeure novateur. C\u2019est pourquoi nous investissons dans un projet ax\u00e9 sur l\u2019avenir, utilisant des mat\u00e9riaux avant-gardistes tels que la construction en bois massif ou CLT (bois lamell\u00e9-crois\u00e9), des briques autoportantes et de l\u2019isolation de chanvre de chaux, tout en observant les principes de circularit\u00e9. Pour cela, nous collaborons avec BLAF Architectes, un cabinet dot\u00e9 d\u2019une exp\u00e9rience de longue date dans la construction durable et l\u2019exp\u00e9rimentation avec des mat\u00e9riaux innovants.<\/p>\n<p>[\/et_pb_text][\/et_pb_column][\/et_pb_row][et_pb_row custom_padding_last_edited=\u00a0\u00bbon|tablet\u00a0\u00bb _builder_version=\u00a0\u00bb4.23&Prime; _module_preset=\u00a0\u00bbdefault\u00a0\u00bb width=\u00a0\u00bb100%\u00a0\u00bb max_width=\u00a0\u00bb100%\u00a0\u00bb custom_padding=\u00a0\u00bb5.5rem|60px|60px|60px|false|true\u00a0\u00bb custom_padding_tablet=\u00a0\u00bb3rem|30px|60px|30px|false|true\u00a0\u00bb custom_padding_phone=\u00a0\u00bb|20px||20px|false|true\u00a0\u00bb hover_enabled=\u00a0\u00bb0&Prime; locked=\u00a0\u00bboff\u00a0\u00bb global_colors_info=\u00a0\u00bb{}\u00a0\u00bb sticky_enabled=\u00a0\u00bb0&Prime;][et_pb_column type=\u00a0\u00bb4_4&Prime; _builder_version=\u00a0\u00bb4.23&Prime; _module_preset=\u00a0\u00bbdefault\u00a0\u00bb global_colors_info=\u00a0\u00bb{}\u00a0\u00bb][et_pb_code _builder_version=\u00a0\u00bb4.23&Prime; _module_preset=\u00a0\u00bbdefault\u00a0\u00bb min_height=\u00a0\u00bb200px\u00a0\u00bb hover_enabled=\u00a0\u00bb0&Prime; global_colors_info=\u00a0\u00bb{}\u00a0\u00bb sticky_enabled=\u00a0\u00bb0&Prime; background_color=\u00a0\u00bb#F7F2EC\u00a0\u00bb]<script type=\"module\" src=\"https:\/\/configurator.woonmodule.nl\/api\/?dzhJVHluQmxPcGYweDZFNDZJQzlyQT09\/project\" async><\/script>[\/et_pb_code][\/et_pb_column][\/et_pb_row][\/et_pb_section][et_pb_section fb_built=\u00a0\u00bb1&Prime; custom_padding_last_edited=\u00a0\u00bbon|desktop\u00a0\u00bb disabled_on=\u00a0\u00bboff|off|off\u00a0\u00bb admin_label=\u00a0\u00bbSection\u00a0\u00bb module_class=\u00a0\u00bbds-section\u00a0\u00bb _builder_version=\u00a0\u00bb4.23&Prime; _module_preset=\u00a0\u00bbdefault\u00a0\u00bb background_color=\u00a0\u00bb#F7F2EC\u00a0\u00bb custom_padding=\u00a0\u00bb90px||100px||false|false\u00a0\u00bb custom_padding_tablet=\u00a0\u00bb2rem||60px||false|false\u00a0\u00bb custom_padding_phone=\u00a0\u00bb2rem||3.5rem||false|false\u00a0\u00bb hover_enabled=\u00a0\u00bb0&Prime; da_popup_slug=\u00a0\u00bbinteresse\u00a0\u00bb da_disable_devices=\u00a0\u00bboff|off|off\u00a0\u00bb global_colors_info=\u00a0\u00bb{}\u00a0\u00bb sticky_enabled=\u00a0\u00bb0&Prime; locked=\u00a0\u00bboff\u00a0\u00bb da_is_popup=\u00a0\u00bboff\u00a0\u00bb da_exit_intent=\u00a0\u00bboff\u00a0\u00bb da_has_close=\u00a0\u00bbon\u00a0\u00bb da_alt_close=\u00a0\u00bboff\u00a0\u00bb da_dark_close=\u00a0\u00bboff\u00a0\u00bb da_not_modal=\u00a0\u00bbon\u00a0\u00bb da_is_singular=\u00a0\u00bboff\u00a0\u00bb da_with_loader=\u00a0\u00bboff\u00a0\u00bb da_has_shadow=\u00a0\u00bbon\u00a0\u00bb][et_pb_row custom_padding_last_edited=\u00a0\u00bbon|phone\u00a0\u00bb module_id=\u00a0\u00bbconnect\u00a0\u00bb _builder_version=\u00a0\u00bb4.23&Prime; _module_preset=\u00a0\u00bbdefault\u00a0\u00bb width=\u00a0\u00bb100%\u00a0\u00bb max_width=\u00a0\u00bb900px\u00a0\u00bb custom_padding=\u00a0\u00bb|60px|0px|60px|false|false\u00a0\u00bb custom_padding_tablet=\u00a0\u00bb|30px||30px|false|true\u00a0\u00bb custom_padding_phone=\u00a0\u00bb|20px|0px|20px|false|false\u00a0\u00bb hover_enabled=\u00a0\u00bb0&Prime; locked=\u00a0\u00bboff\u00a0\u00bb global_colors_info=\u00a0\u00bb{}\u00a0\u00bb sticky_enabled=\u00a0\u00bb0&Prime; max_width_last_edited=\u00a0\u00bbon|phone\u00a0\u00bb max_width_tablet=\u00a0\u00bb100%\u00a0\u00bb max_width_phone=\u00a0\u00bb100%\u00a0\u00bb][et_pb_column type=\u00a0\u00bb4_4&Prime; _builder_version=\u00a0\u00bb4.16&Prime; _module_preset=\u00a0\u00bbdefault\u00a0\u00bb global_colors_info=\u00a0\u00bb{}\u00a0\u00bb][et_pb_text _builder_version=\u00a0\u00bb4.23&Prime; _module_preset=\u00a0\u00bb170ff1bd-4147-4410-8d7c-fb9221792594&Prime; header_text_align=\u00a0\u00bbcenter\u00a0\u00bb header_text_color=\u00a0\u00bb#FFFFFF\u00a0\u00bb header_2_text_align=\u00a0\u00bbcenter\u00a0\u00bb custom_margin=\u00a0\u00bb||2rem||false|false\u00a0\u00bb custom_margin_tablet=\u00a0\u00bb||1rem||false|false\u00a0\u00bb custom_margin_phone=\u00a0\u00bb||0rem||false|false\u00a0\u00bb custom_margin_last_edited=\u00a0\u00bbon|phone\u00a0\u00bb custom_padding_tablet=\u00a0\u00bb\u00a0\u00bb custom_padding_phone=\u00a0\u00bb||||false|false\u00a0\u00bb custom_padding_last_edited=\u00a0\u00bbon|phone\u00a0\u00bb animation_style=\u00a0\u00bbslide\u00a0\u00bb animation_direction=\u00a0\u00bbbottom\u00a0\u00bb animation_intensity_slide=\u00a0\u00bb10%\u00a0\u00bb locked=\u00a0\u00bboff\u00a0\u00bb global_colors_info=\u00a0\u00bb{}\u00a0\u00bb]<\/p>\n<h2>Enregistrez votre int\u00e9r\u00eat<\/h2>\n<p>[\/et_pb_text][dsm_contact_form_7 disabled_on=\u00a0\u00bboff|off|off\u00a0\u00bb _builder_version=\u00a0\u00bb4.23&Prime; _module_preset=\u00a0\u00bbbe2760e5-e37f-4e76-beb1-b6f8e927e11d\u00a0\u00bb hover_enabled=\u00a0\u00bb0&Prime; global_colors_info=\u00a0\u00bb{}\u00a0\u00bb sticky_enabled=\u00a0\u00bb0&Prime;][\/dsm_contact_form_7][\/et_pb_column][\/et_pb_row][\/et_pb_section]<\/p>\n","protected":false},"excerpt":{"rendered":"<p>habiterLIVEL\u2019endroit o\u00f9 le vin \u00e9tait autrefois n\u00e9goci\u00e9 est maintenant en train d\u2019\u00eatre transform\u00e9 en un nouveau projet mixte. On the ground floor, there will be workspaces and a green inner courtyard of 1500m\u00b2. \u00c0 partir du premier \u00e9tage, 79 appartements locatifs seront am\u00e9nag\u00e9s, avec un pavillon central. In addition, there is a strong focus on [&hellip;]<\/p>\n","protected":false},"author":4,"featured_media":0,"parent":0,"menu_order":0,"comment_status":"closed","ping_status":"closed","template":"","meta":{"_et_pb_use_builder":"on","_et_pb_old_content":"","_et_gb_content_width":"","footnotes":""},"dipi_cpt_category":[],"class_list":["post-2388","page","type-page","status-publish","hentry"],"yoast_head":"<!-- This site is optimized with the Yoast SEO plugin v27.4 - https:\/\/yoast.com\/product\/yoast-seo-wordpress\/ -->\n<title>Habiter - Mench<\/title>\n<meta name=\"robots\" content=\"noindex, follow, max-snippet:-1, max-image-preview:large, max-video-preview:-1\" \/>\n<meta property=\"og:locale\" content=\"fr_FR\" \/>\n<meta property=\"og:type\" content=\"article\" \/>\n<meta property=\"og:title\" content=\"Habiter - Mench\" \/>\n<meta property=\"og:description\" content=\"habiterLIVEL\u2019endroit o\u00f9 le vin \u00e9tait autrefois n\u00e9goci\u00e9 est maintenant en train d\u2019\u00eatre transform\u00e9 en un nouveau projet mixte. On the ground floor, there will be workspaces and a green inner courtyard of 1500m\u00b2. \u00c0 partir du premier \u00e9tage, 79 appartements locatifs seront am\u00e9nag\u00e9s, avec un pavillon central. In addition, there is a strong focus on [&hellip;]\" \/>\n<meta property=\"og:url\" content=\"https:\/\/rev-mench.stg.onepunch.agency\/fr\/habiter\/\" \/>\n<meta property=\"og:site_name\" content=\"Mench\" \/>\n<meta property=\"article:modified_time\" content=\"2025-07-13T13:22:38+00:00\" \/>\n<meta name=\"twitter:card\" content=\"summary_large_image\" \/>\n<meta name=\"twitter:label1\" content=\"Dur\u00e9e de lecture estim\u00e9e\" \/>\n\t<meta name=\"twitter:data1\" content=\"6 minutes\" \/>\n<script type=\"application\/ld+json\" class=\"yoast-schema-graph\">{\"@context\":\"https:\\\/\\\/schema.org\",\"@graph\":[{\"@type\":\"WebPage\",\"@id\":\"https:\\\/\\\/rev-mench.stg.onepunch.agency\\\/fr\\\/habiter\\\/\",\"url\":\"https:\\\/\\\/rev-mench.stg.onepunch.agency\\\/fr\\\/habiter\\\/\",\"name\":\"Habiter - Mench\",\"isPartOf\":{\"@id\":\"https:\\\/\\\/rev-mench.stg.onepunch.agency\\\/fr\\\/#website\"},\"datePublished\":\"2023-12-05T10:05:09+00:00\",\"dateModified\":\"2025-07-13T13:22:38+00:00\",\"breadcrumb\":{\"@id\":\"https:\\\/\\\/rev-mench.stg.onepunch.agency\\\/fr\\\/habiter\\\/#breadcrumb\"},\"inLanguage\":\"fr-FR\",\"potentialAction\":[{\"@type\":\"ReadAction\",\"target\":[\"https:\\\/\\\/rev-mench.stg.onepunch.agency\\\/fr\\\/habiter\\\/\"]}]},{\"@type\":\"BreadcrumbList\",\"@id\":\"https:\\\/\\\/rev-mench.stg.onepunch.agency\\\/fr\\\/habiter\\\/#breadcrumb\",\"itemListElement\":[{\"@type\":\"ListItem\",\"position\":1,\"name\":\"Home\",\"item\":\"https:\\\/\\\/rev-mench.stg.onepunch.agency\\\/fr\\\/home\\\/\"},{\"@type\":\"ListItem\",\"position\":2,\"name\":\"Habiter\"}]},{\"@type\":\"WebSite\",\"@id\":\"https:\\\/\\\/rev-mench.stg.onepunch.agency\\\/fr\\\/#website\",\"url\":\"https:\\\/\\\/rev-mench.stg.onepunch.agency\\\/fr\\\/\",\"name\":\"Mench\",\"description\":\"Mench is one of Revive\u2019s future projects\",\"potentialAction\":[{\"@type\":\"SearchAction\",\"target\":{\"@type\":\"EntryPoint\",\"urlTemplate\":\"https:\\\/\\\/rev-mench.stg.onepunch.agency\\\/fr\\\/?s={search_term_string}\"},\"query-input\":{\"@type\":\"PropertyValueSpecification\",\"valueRequired\":true,\"valueName\":\"search_term_string\"}}],\"inLanguage\":\"fr-FR\"}]}<\/script>\n<!-- \/ Yoast SEO plugin. -->","yoast_head_json":{"title":"Habiter - Mench","robots":{"index":"noindex","follow":"follow","max-snippet":"max-snippet:-1","max-image-preview":"max-image-preview:large","max-video-preview":"max-video-preview:-1"},"og_locale":"fr_FR","og_type":"article","og_title":"Habiter - Mench","og_description":"habiterLIVEL\u2019endroit o\u00f9 le vin \u00e9tait autrefois n\u00e9goci\u00e9 est maintenant en train d\u2019\u00eatre transform\u00e9 en un nouveau projet mixte. On the ground floor, there will be workspaces and a green inner courtyard of 1500m\u00b2. \u00c0 partir du premier \u00e9tage, 79 appartements locatifs seront am\u00e9nag\u00e9s, avec un pavillon central. In addition, there is a strong focus on [&hellip;]","og_url":"https:\/\/rev-mench.stg.onepunch.agency\/fr\/habiter\/","og_site_name":"Mench","article_modified_time":"2025-07-13T13:22:38+00:00","twitter_card":"summary_large_image","twitter_misc":{"Dur\u00e9e de lecture estim\u00e9e":"6 minutes"},"schema":{"@context":"https:\/\/schema.org","@graph":[{"@type":"WebPage","@id":"https:\/\/rev-mench.stg.onepunch.agency\/fr\/habiter\/","url":"https:\/\/rev-mench.stg.onepunch.agency\/fr\/habiter\/","name":"Habiter - Mench","isPartOf":{"@id":"https:\/\/rev-mench.stg.onepunch.agency\/fr\/#website"},"datePublished":"2023-12-05T10:05:09+00:00","dateModified":"2025-07-13T13:22:38+00:00","breadcrumb":{"@id":"https:\/\/rev-mench.stg.onepunch.agency\/fr\/habiter\/#breadcrumb"},"inLanguage":"fr-FR","potentialAction":[{"@type":"ReadAction","target":["https:\/\/rev-mench.stg.onepunch.agency\/fr\/habiter\/"]}]},{"@type":"BreadcrumbList","@id":"https:\/\/rev-mench.stg.onepunch.agency\/fr\/habiter\/#breadcrumb","itemListElement":[{"@type":"ListItem","position":1,"name":"Home","item":"https:\/\/rev-mench.stg.onepunch.agency\/fr\/home\/"},{"@type":"ListItem","position":2,"name":"Habiter"}]},{"@type":"WebSite","@id":"https:\/\/rev-mench.stg.onepunch.agency\/fr\/#website","url":"https:\/\/rev-mench.stg.onepunch.agency\/fr\/","name":"Mench","description":"Mench is one of Revive\u2019s future projects","potentialAction":[{"@type":"SearchAction","target":{"@type":"EntryPoint","urlTemplate":"https:\/\/rev-mench.stg.onepunch.agency\/fr\/?s={search_term_string}"},"query-input":{"@type":"PropertyValueSpecification","valueRequired":true,"valueName":"search_term_string"}}],"inLanguage":"fr-FR"}]}},"_links":{"self":[{"href":"https:\/\/rev-mench.stg.onepunch.agency\/fr\/wp-json\/wp\/v2\/pages\/2388","targetHints":{"allow":["GET"]}}],"collection":[{"href":"https:\/\/rev-mench.stg.onepunch.agency\/fr\/wp-json\/wp\/v2\/pages"}],"about":[{"href":"https:\/\/rev-mench.stg.onepunch.agency\/fr\/wp-json\/wp\/v2\/types\/page"}],"author":[{"embeddable":true,"href":"https:\/\/rev-mench.stg.onepunch.agency\/fr\/wp-json\/wp\/v2\/users\/4"}],"replies":[{"embeddable":true,"href":"https:\/\/rev-mench.stg.onepunch.agency\/fr\/wp-json\/wp\/v2\/comments?post=2388"}],"version-history":[{"count":18,"href":"https:\/\/rev-mench.stg.onepunch.agency\/fr\/wp-json\/wp\/v2\/pages\/2388\/revisions"}],"predecessor-version":[{"id":3230,"href":"https:\/\/rev-mench.stg.onepunch.agency\/fr\/wp-json\/wp\/v2\/pages\/2388\/revisions\/3230"}],"wp:attachment":[{"href":"https:\/\/rev-mench.stg.onepunch.agency\/fr\/wp-json\/wp\/v2\/media?parent=2388"}],"wp:term":[{"taxonomy":"dipi_cpt_category","embeddable":true,"href":"https:\/\/rev-mench.stg.onepunch.agency\/fr\/wp-json\/wp\/v2\/dipi_cpt_category?post=2388"}],"curies":[{"name":"wp","href":"https:\/\/api.w.org\/{rel}","templated":true}]}}